{"id":3939,"date":"2023-12-07T11:59:41","date_gmt":"2023-12-07T11:59:41","guid":{"rendered":"http:\/\/lingobop.com\/lecteur-audio\/"},"modified":"2024-01-04T05:44:58","modified_gmt":"2024-01-04T05:44:58","slug":"ecouter","status":"publish","type":"page","link":"https:\/\/lingobop.com\/fr\/ecouter\/","title":{"rendered":"\u00c9couter"},"content":{"rendered":"\n<div class=\"wp-block-pmpro-membership is-layout-flow wp-block-membership-is-layout-flow\">\n<p class=\"\"><code><code><\/code><\/code> <\/p>\n\n\n\n<p class=\"\">Ceci est un aper\u00e7u gratuit. <a href=\"https:\/\/lingobop.com\/fr\/account\/membership-checkout\/?level=1\">S&rsquo;inscrire \u00e0 Lingosing Pro maintenant pour b\u00e9n\u00e9ficier d&rsquo;un acc\u00e8s complet<\/a>!<\/p>\n<\/div>\n\n\n\n<h2 class=\"wp-block-heading\">Lecteur audio Lingosing Pro<\/h2>\n\n\n<div class=\"pmpro\"><div class=\"pmpro_card pmpro_content_message\"><div class=\"pmpro_card_content\">Ce contenu est r\u00e9serv\u00e9 aux membres Pro et Pro+ (Institution). <a href=\"https:\/\/lingobop.com\/fr\/account\/niveaux-dadhesion\/\">S&rsquo;incrire maintenant<\/a>!<\/div><div class=\"pmpro_card_actions pmpro_font-medium\">Tu es d\u00e9j\u00e0 un membre ? <a href=\"https:\/\/lingobop.com\/fr\/connexion\/?redirect_to=https%3A%2F%2Flingobop.com%2Ffr%2Fecouter%2F\">Se connecter ici<\/a><\/div><\/div><\/div>","protected":false},"excerpt":{"rendered":"<p>Lecteur audio Lingosing Pro<\/p>\n","protected":false},"author":4,"featured_media":0,"parent":0,"menu_order":0,"comment_status":"closed","ping_status":"closed","template":"","meta":{"pmpro_default_level":"","episode_type":"","audio_file":"","cover_image":"","cover_image_id":"","duration":"","filesize":"","filesize_raw":"","date_recorded":"","explicit":"","block":"","footnotes":""},"class_list":["post-3939","page","type-page","status-publish","hentry","pmpro-has-access"],"yoast_head":"<!-- This site is optimized with the Yoast SEO plugin v25.6 - https:\/\/yoast.com\/wordpress\/plugins\/seo\/ -->\n<title>\u00c9couter - LingoBOP<\/title>\n<meta name=\"robots\" content=\"index, follow, max-snippet:-1, max-image-preview:large, max-video-preview:-1\" \/>\n<link rel=\"canonical\" href=\"https:\/\/lingobop.com\/fr\/ecouter\/\" \/>\n<meta property=\"og:locale\" content=\"fr_FR\" \/>\n<meta property=\"og:type\" content=\"article\" \/>\n<meta property=\"og:title\" content=\"\u00c9couter - LingoBOP\" \/>\n<meta property=\"og:description\" content=\"Lecteur audio Lingosing Pro\" \/>\n<meta property=\"og:url\" content=\"https:\/\/lingobop.com\/fr\/ecouter\/\" \/>\n<meta property=\"og:site_name\" content=\"LingoBOP\" \/>\n<meta property=\"article:publisher\" content=\"https:\/\/www.facebook.com\/lingosing.english\/\" \/>\n<meta property=\"article:modified_time\" content=\"2024-01-04T05:44:58+00:00\" \/>\n<meta property=\"og:image\" content=\"https:\/\/lingobop.com\/wp-content\/uploads\/2021\/01\/Logo-tiny.jpg\" \/>\n\t<meta property=\"og:image:width\" content=\"400\" \/>\n\t<meta property=\"og:image:height\" content=\"350\" \/>\n\t<meta property=\"og:image:type\" content=\"image\/jpeg\" \/>\n<meta name=\"twitter:card\" content=\"summary_large_image\" \/>\n<meta name=\"twitter:label1\" content=\"Dur\u00e9e de lecture estim\u00e9e\" \/>\n\t<meta name=\"twitter:data1\" content=\"1 minute\" \/>\n<script type=\"application\/ld+json\" class=\"yoast-schema-graph\">{\"@context\":\"https:\/\/schema.org\",\"@graph\":[{\"@type\":\"WebPage\",\"@id\":\"https:\/\/lingobop.com\/fr\/ecouter\/\",\"url\":\"https:\/\/lingobop.com\/fr\/ecouter\/\",\"name\":\"\u00c9couter - LingoBOP\",\"isPartOf\":{\"@id\":\"https:\/\/lingobop.com\/fr\/#website\"},\"datePublished\":\"2023-12-07T11:59:41+00:00\",\"dateModified\":\"2024-01-04T05:44:58+00:00\",\"breadcrumb\":{\"@id\":\"https:\/\/lingobop.com\/fr\/ecouter\/#breadcrumb\"},\"inLanguage\":\"fr-FR\",\"potentialAction\":[{\"@type\":\"ReadAction\",\"target\":[\"https:\/\/lingobop.com\/fr\/ecouter\/\"]}]},{\"@type\":\"BreadcrumbList\",\"@id\":\"https:\/\/lingobop.com\/fr\/ecouter\/#breadcrumb\",\"itemListElement\":[{\"@type\":\"ListItem\",\"position\":1,\"name\":\"Home\",\"item\":\"https:\/\/lingobop.com\/fr\/\"},{\"@type\":\"ListItem\",\"position\":2,\"name\":\"\u00c9couter\"}]},{\"@type\":\"WebSite\",\"@id\":\"https:\/\/lingobop.com\/fr\/#website\",\"url\":\"https:\/\/lingobop.com\/fr\/\",\"name\":\"Lingosing!\",\"description\":\"Learn a language through music!\",\"publisher\":{\"@id\":\"https:\/\/lingobop.com\/fr\/#organization\"},\"potentialAction\":[{\"@type\":\"SearchAction\",\"target\":{\"@type\":\"EntryPoint\",\"urlTemplate\":\"https:\/\/lingobop.com\/fr\/?s={search_term_string}\"},\"query-input\":{\"@type\":\"PropertyValueSpecification\",\"valueRequired\":true,\"valueName\":\"search_term_string\"}}],\"inLanguage\":\"fr-FR\"},{\"@type\":\"Organization\",\"@id\":\"https:\/\/lingobop.com\/fr\/#organization\",\"name\":\"Lingosing!\",\"url\":\"https:\/\/lingobop.com\/fr\/\",\"logo\":{\"@type\":\"ImageObject\",\"inLanguage\":\"fr-FR\",\"@id\":\"https:\/\/lingobop.com\/fr\/#\/schema\/logo\/image\/\",\"url\":\"http:\/\/lingobop.com\/wp-content\/uploads\/2023\/06\/Lingosing-logo.SQUARE.png\",\"contentUrl\":\"http:\/\/lingobop.com\/wp-content\/uploads\/2023\/06\/Lingosing-logo.SQUARE.png\",\"width\":867,\"height\":867,\"caption\":\"Lingosing!\"},\"image\":{\"@id\":\"https:\/\/lingobop.com\/fr\/#\/schema\/logo\/image\/\"},\"sameAs\":[\"https:\/\/www.facebook.com\/lingosing.english\/\"]}]}<\/script>\n<!-- \/ Yoast SEO plugin. -->","yoast_head_json":{"title":"\u00c9couter - LingoBOP","robots":{"index":"index","follow":"follow","max-snippet":"max-snippet:-1","max-image-preview":"max-image-preview:large","max-video-preview":"max-video-preview:-1"},"canonical":"https:\/\/lingobop.com\/fr\/ecouter\/","og_locale":"fr_FR","og_type":"article","og_title":"\u00c9couter - LingoBOP","og_description":"Lecteur audio Lingosing Pro","og_url":"https:\/\/lingobop.com\/fr\/ecouter\/","og_site_name":"LingoBOP","article_publisher":"https:\/\/www.facebook.com\/lingosing.english\/","article_modified_time":"2024-01-04T05:44:58+00:00","og_image":[{"width":400,"height":350,"url":"https:\/\/lingobop.com\/wp-content\/uploads\/2021\/01\/Logo-tiny.jpg","type":"image\/jpeg"}],"twitter_card":"summary_large_image","twitter_misc":{"Dur\u00e9e de lecture estim\u00e9e":"1 minute"},"schema":{"@context":"https:\/\/schema.org","@graph":[{"@type":"WebPage","@id":"https:\/\/lingobop.com\/fr\/ecouter\/","url":"https:\/\/lingobop.com\/fr\/ecouter\/","name":"\u00c9couter - LingoBOP","isPartOf":{"@id":"https:\/\/lingobop.com\/fr\/#website"},"datePublished":"2023-12-07T11:59:41+00:00","dateModified":"2024-01-04T05:44:58+00:00","breadcrumb":{"@id":"https:\/\/lingobop.com\/fr\/ecouter\/#breadcrumb"},"inLanguage":"fr-FR","potentialAction":[{"@type":"ReadAction","target":["https:\/\/lingobop.com\/fr\/ecouter\/"]}]},{"@type":"BreadcrumbList","@id":"https:\/\/lingobop.com\/fr\/ecouter\/#breadcrumb","itemListElement":[{"@type":"ListItem","position":1,"name":"Home","item":"https:\/\/lingobop.com\/fr\/"},{"@type":"ListItem","position":2,"name":"\u00c9couter"}]},{"@type":"WebSite","@id":"https:\/\/lingobop.com\/fr\/#website","url":"https:\/\/lingobop.com\/fr\/","name":"Lingosing!","description":"Learn a language through music!","publisher":{"@id":"https:\/\/lingobop.com\/fr\/#organization"},"potentialAction":[{"@type":"SearchAction","target":{"@type":"EntryPoint","urlTemplate":"https:\/\/lingobop.com\/fr\/?s={search_term_string}"},"query-input":{"@type":"PropertyValueSpecification","valueRequired":true,"valueName":"search_term_string"}}],"inLanguage":"fr-FR"},{"@type":"Organization","@id":"https:\/\/lingobop.com\/fr\/#organization","name":"Lingosing!","url":"https:\/\/lingobop.com\/fr\/","logo":{"@type":"ImageObject","inLanguage":"fr-FR","@id":"https:\/\/lingobop.com\/fr\/#\/schema\/logo\/image\/","url":"http:\/\/lingobop.com\/wp-content\/uploads\/2023\/06\/Lingosing-logo.SQUARE.png","contentUrl":"http:\/\/lingobop.com\/wp-content\/uploads\/2023\/06\/Lingosing-logo.SQUARE.png","width":867,"height":867,"caption":"Lingosing!"},"image":{"@id":"https:\/\/lingobop.com\/fr\/#\/schema\/logo\/image\/"},"sameAs":["https:\/\/www.facebook.com\/lingosing.english\/"]}]}},"_links":{"self":[{"href":"https:\/\/lingobop.com\/fr\/wp-json\/wp\/v2\/pages\/3939","targetHints":{"allow":["GET"]}}],"collection":[{"href":"https:\/\/lingobop.com\/fr\/wp-json\/wp\/v2\/pages"}],"about":[{"href":"https:\/\/lingobop.com\/fr\/wp-json\/wp\/v2\/types\/page"}],"author":[{"embeddable":true,"href":"https:\/\/lingobop.com\/fr\/wp-json\/wp\/v2\/users\/4"}],"replies":[{"embeddable":true,"href":"https:\/\/lingobop.com\/fr\/wp-json\/wp\/v2\/comments?post=3939"}],"version-history":[{"count":5,"href":"https:\/\/lingobop.com\/fr\/wp-json\/wp\/v2\/pages\/3939\/revisions"}],"predecessor-version":[{"id":4749,"href":"https:\/\/lingobop.com\/fr\/wp-json\/wp\/v2\/pages\/3939\/revisions\/4749"}],"wp:attachment":[{"href":"https:\/\/lingobop.com\/fr\/wp-json\/wp\/v2\/media?parent=3939"}],"curies":[{"name":"wp","href":"https:\/\/api.w.org\/{rel}","templated":true}]}}