{"id":4839,"date":"2023-02-24T12:05:21","date_gmt":"2023-02-24T12:05:21","guid":{"rendered":"https:\/\/lingobop.com\/compte\/niveaux-dadhesion\/"},"modified":"2024-02-01T05:45:48","modified_gmt":"2024-02-01T05:45:48","slug":"niveaux-dadhesion","status":"publish","type":"page","link":"https:\/\/lingobop.com\/fr\/account\/niveaux-dadhesion\/","title":{"rendered":"Niveaux d&rsquo;adh\u00e9sion"},"content":{"rendered":"\n<div class=\"wp-block-columns is-layout-flex wp-container-core-columns-is-layout-9d6595d7 wp-block-columns-is-layout-flex\">\n<div class=\"wp-block-column is-vertically-aligned-center is-layout-flow wp-block-column-is-layout-flow\" style=\"flex-basis:33.33%\">\n<div class=\"wp-block-buttons is-content-justification-center is-layout-flex wp-container-core-buttons-is-layout-16018d1d wp-block-buttons-is-layout-flex\">\n<div class=\"wp-block-button has-custom-width wp-block-button__width-100\"><a class=\"wp-block-button__link has-text-align-center wp-element-button\" href=\"https:\/\/lingobop.com\/account\/membership-checkout\/?level=5\">Free<\/a><\/div>\n<\/div>\n<\/div>\n\n\n\n<div class=\"wp-block-column is-vertically-aligned-center is-layout-flow wp-block-column-is-layout-flow\" style=\"flex-basis:80%\">\n<p class=\"has-text-align-left\">Choisir ce niveau pour essayer Lingosing! gratuitement !<\/p>\n<\/div>\n<\/div>\n\n<div class=\"wp-block-columns is-layout-flex wp-container-core-columns-is-layout-9d6595d7 wp-block-columns-is-layout-flex\">\n<div class=\"wp-block-column is-layout-flow wp-block-column-is-layout-flow\" style=\"flex-basis:33.33%\">\n<div class=\"wp-block-buttons is-content-justification-center is-layout-flex wp-container-core-buttons-is-layout-16018d1d wp-block-buttons-is-layout-flex\">\n<div class=\"wp-block-button has-custom-width wp-block-button__width-100\"><a class=\"wp-block-button__link has-text-align-center wp-element-button\" href=\"https:\/\/lingobop.com\/account\/membership-checkout\/?level=1\">Pro<\/a><\/div>\n<\/div>\n<\/div>\n\n\n\n<div class=\"wp-block-column is-layout-flow wp-block-column-is-layout-flow\" style=\"flex-basis:80%\">\n<p class=\"has-text-align-left\">Choisir ce niveau pour acc\u00e9der \u00e0 tout notre contenu ! <strong>Essayez gratuitement pendant 3 mois !<\/strong> <\/p>\n<\/div>\n<\/div>\n\n<div class=\"wp-block-columns is-layout-flex wp-container-core-columns-is-layout-9d6595d7 wp-block-columns-is-layout-flex\">\n<div class=\"wp-block-column is-layout-flow wp-block-column-is-layout-flow\" style=\"flex-basis:33.33%\">\n<div class=\"wp-block-buttons is-content-justification-center is-layout-flex wp-container-core-buttons-is-layout-16018d1d wp-block-buttons-is-layout-flex\">\n<div class=\"wp-block-button has-custom-width wp-block-button__width-100\"><a class=\"wp-block-button__link has-text-align-center wp-element-button\" href=\"https:\/\/lingobop.com\/account\/membership-checkout\/?level=4\">Pro++<\/a><\/div>\n<\/div>\n<\/div>\n\n\n\n<div class=\"wp-block-column is-layout-flow wp-block-column-is-layout-flow\" style=\"flex-basis:80%\">\n<p class=\"has-text-align-left\">Ce niveau est pour les \u00e9coles, les cr\u00e8ches et d&rsquo;autres institutions ! Recevez jusqu&rsquo;\u00e0 100 comptes pour vos membres. <strong>Essayez gratuitement pendant 3 mois !<\/strong> <\/p>\n<\/div>\n<\/div>\n","protected":false},"excerpt":{"rendered":"<p>Choisir ce niveau pour essayer Lingosing! gratuitement ! Choisir ce niveau pour acc\u00e9der \u00e0 tout notre contenu ! Essayez gratuitement&#8230;<\/p>\n","protected":false},"author":4,"featured_media":0,"parent":1400,"menu_order":0,"comment_status":"closed","ping_status":"closed","template":"","meta":{"pmpro_default_level":"","episode_type":"","audio_file":"","cover_image":"","cover_image_id":"","duration":"","filesize":"","filesize_raw":"","date_recorded":"","explicit":"","block":"","footnotes":""},"class_list":["post-4839","page","type-page","status-publish","hentry","pmpro-has-access"],"yoast_head":"<!-- This site is optimized with the Yoast SEO plugin v25.6 - https:\/\/yoast.com\/wordpress\/plugins\/seo\/ -->\n<title>Niveaux d&#039;adh\u00e9sion - LingoBOP<\/title>\n<meta name=\"robots\" content=\"index, follow, max-snippet:-1, max-image-preview:large, max-video-preview:-1\" \/>\n<link rel=\"canonical\" href=\"https:\/\/lingobop.com\/fr\/account\/niveaux-dadhesion\/\" \/>\n<meta property=\"og:locale\" content=\"fr_FR\" \/>\n<meta property=\"og:type\" content=\"article\" \/>\n<meta property=\"og:title\" content=\"Niveaux d&#039;adh\u00e9sion - LingoBOP\" \/>\n<meta property=\"og:description\" content=\"Choisir ce niveau pour essayer Lingosing! gratuitement ! Choisir ce niveau pour acc\u00e9der \u00e0 tout notre contenu ! Essayez gratuitement...\" \/>\n<meta property=\"og:url\" content=\"https:\/\/lingobop.com\/fr\/account\/niveaux-dadhesion\/\" \/>\n<meta property=\"og:site_name\" content=\"LingoBOP\" \/>\n<meta property=\"article:publisher\" content=\"https:\/\/www.facebook.com\/lingosing.english\/\" \/>\n<meta property=\"article:modified_time\" content=\"2024-02-01T05:45:48+00:00\" \/>\n<meta property=\"og:image\" content=\"https:\/\/lingobop.com\/wp-content\/uploads\/2021\/01\/Logo-tiny.jpg\" \/>\n\t<meta property=\"og:image:width\" content=\"400\" \/>\n\t<meta property=\"og:image:height\" content=\"350\" \/>\n\t<meta property=\"og:image:type\" content=\"image\/jpeg\" \/>\n<meta name=\"twitter:card\" content=\"summary_large_image\" \/>\n<script type=\"application\/ld+json\" class=\"yoast-schema-graph\">{\"@context\":\"https:\/\/schema.org\",\"@graph\":[{\"@type\":\"WebPage\",\"@id\":\"https:\/\/lingobop.com\/fr\/account\/niveaux-dadhesion\/\",\"url\":\"https:\/\/lingobop.com\/fr\/account\/niveaux-dadhesion\/\",\"name\":\"Niveaux d'adh\u00e9sion - LingoBOP\",\"isPartOf\":{\"@id\":\"https:\/\/lingobop.com\/fr\/#website\"},\"datePublished\":\"2023-02-24T12:05:21+00:00\",\"dateModified\":\"2024-02-01T05:45:48+00:00\",\"breadcrumb\":{\"@id\":\"https:\/\/lingobop.com\/fr\/account\/niveaux-dadhesion\/#breadcrumb\"},\"inLanguage\":\"fr-FR\",\"potentialAction\":[{\"@type\":\"ReadAction\",\"target\":[\"https:\/\/lingobop.com\/fr\/account\/niveaux-dadhesion\/\"]}]},{\"@type\":\"BreadcrumbList\",\"@id\":\"https:\/\/lingobop.com\/fr\/account\/niveaux-dadhesion\/#breadcrumb\",\"itemListElement\":[{\"@type\":\"ListItem\",\"position\":1,\"name\":\"Home\",\"item\":\"https:\/\/lingobop.com\/fr\/\"},{\"@type\":\"ListItem\",\"position\":2,\"name\":\"Compte\",\"item\":\"https:\/\/lingobop.com\/fr\/account\/\"},{\"@type\":\"ListItem\",\"position\":3,\"name\":\"Niveaux d&#8217;adh\u00e9sion\"}]},{\"@type\":\"WebSite\",\"@id\":\"https:\/\/lingobop.com\/fr\/#website\",\"url\":\"https:\/\/lingobop.com\/fr\/\",\"name\":\"Lingosing!\",\"description\":\"Learn a language through music!\",\"publisher\":{\"@id\":\"https:\/\/lingobop.com\/fr\/#organization\"},\"potentialAction\":[{\"@type\":\"SearchAction\",\"target\":{\"@type\":\"EntryPoint\",\"urlTemplate\":\"https:\/\/lingobop.com\/fr\/?s={search_term_string}\"},\"query-input\":{\"@type\":\"PropertyValueSpecification\",\"valueRequired\":true,\"valueName\":\"search_term_string\"}}],\"inLanguage\":\"fr-FR\"},{\"@type\":\"Organization\",\"@id\":\"https:\/\/lingobop.com\/fr\/#organization\",\"name\":\"Lingosing!\",\"url\":\"https:\/\/lingobop.com\/fr\/\",\"logo\":{\"@type\":\"ImageObject\",\"inLanguage\":\"fr-FR\",\"@id\":\"https:\/\/lingobop.com\/fr\/#\/schema\/logo\/image\/\",\"url\":\"http:\/\/lingobop.com\/wp-content\/uploads\/2023\/06\/Lingosing-logo.SQUARE.png\",\"contentUrl\":\"http:\/\/lingobop.com\/wp-content\/uploads\/2023\/06\/Lingosing-logo.SQUARE.png\",\"width\":867,\"height\":867,\"caption\":\"Lingosing!\"},\"image\":{\"@id\":\"https:\/\/lingobop.com\/fr\/#\/schema\/logo\/image\/\"},\"sameAs\":[\"https:\/\/www.facebook.com\/lingosing.english\/\"]}]}<\/script>\n<!-- \/ Yoast SEO plugin. -->","yoast_head_json":{"title":"Niveaux d'adh\u00e9sion - LingoBOP","robots":{"index":"index","follow":"follow","max-snippet":"max-snippet:-1","max-image-preview":"max-image-preview:large","max-video-preview":"max-video-preview:-1"},"canonical":"https:\/\/lingobop.com\/fr\/account\/niveaux-dadhesion\/","og_locale":"fr_FR","og_type":"article","og_title":"Niveaux d'adh\u00e9sion - LingoBOP","og_description":"Choisir ce niveau pour essayer Lingosing! gratuitement ! Choisir ce niveau pour acc\u00e9der \u00e0 tout notre contenu ! Essayez gratuitement...","og_url":"https:\/\/lingobop.com\/fr\/account\/niveaux-dadhesion\/","og_site_name":"LingoBOP","article_publisher":"https:\/\/www.facebook.com\/lingosing.english\/","article_modified_time":"2024-02-01T05:45:48+00:00","og_image":[{"width":400,"height":350,"url":"https:\/\/lingobop.com\/wp-content\/uploads\/2021\/01\/Logo-tiny.jpg","type":"image\/jpeg"}],"twitter_card":"summary_large_image","schema":{"@context":"https:\/\/schema.org","@graph":[{"@type":"WebPage","@id":"https:\/\/lingobop.com\/fr\/account\/niveaux-dadhesion\/","url":"https:\/\/lingobop.com\/fr\/account\/niveaux-dadhesion\/","name":"Niveaux d'adh\u00e9sion - LingoBOP","isPartOf":{"@id":"https:\/\/lingobop.com\/fr\/#website"},"datePublished":"2023-02-24T12:05:21+00:00","dateModified":"2024-02-01T05:45:48+00:00","breadcrumb":{"@id":"https:\/\/lingobop.com\/fr\/account\/niveaux-dadhesion\/#breadcrumb"},"inLanguage":"fr-FR","potentialAction":[{"@type":"ReadAction","target":["https:\/\/lingobop.com\/fr\/account\/niveaux-dadhesion\/"]}]},{"@type":"BreadcrumbList","@id":"https:\/\/lingobop.com\/fr\/account\/niveaux-dadhesion\/#breadcrumb","itemListElement":[{"@type":"ListItem","position":1,"name":"Home","item":"https:\/\/lingobop.com\/fr\/"},{"@type":"ListItem","position":2,"name":"Compte","item":"https:\/\/lingobop.com\/fr\/account\/"},{"@type":"ListItem","position":3,"name":"Niveaux d&#8217;adh\u00e9sion"}]},{"@type":"WebSite","@id":"https:\/\/lingobop.com\/fr\/#website","url":"https:\/\/lingobop.com\/fr\/","name":"Lingosing!","description":"Learn a language through music!","publisher":{"@id":"https:\/\/lingobop.com\/fr\/#organization"},"potentialAction":[{"@type":"SearchAction","target":{"@type":"EntryPoint","urlTemplate":"https:\/\/lingobop.com\/fr\/?s={search_term_string}"},"query-input":{"@type":"PropertyValueSpecification","valueRequired":true,"valueName":"search_term_string"}}],"inLanguage":"fr-FR"},{"@type":"Organization","@id":"https:\/\/lingobop.com\/fr\/#organization","name":"Lingosing!","url":"https:\/\/lingobop.com\/fr\/","logo":{"@type":"ImageObject","inLanguage":"fr-FR","@id":"https:\/\/lingobop.com\/fr\/#\/schema\/logo\/image\/","url":"http:\/\/lingobop.com\/wp-content\/uploads\/2023\/06\/Lingosing-logo.SQUARE.png","contentUrl":"http:\/\/lingobop.com\/wp-content\/uploads\/2023\/06\/Lingosing-logo.SQUARE.png","width":867,"height":867,"caption":"Lingosing!"},"image":{"@id":"https:\/\/lingobop.com\/fr\/#\/schema\/logo\/image\/"},"sameAs":["https:\/\/www.facebook.com\/lingosing.english\/"]}]}},"_links":{"self":[{"href":"https:\/\/lingobop.com\/fr\/wp-json\/wp\/v2\/pages\/4839","targetHints":{"allow":["GET"]}}],"collection":[{"href":"https:\/\/lingobop.com\/fr\/wp-json\/wp\/v2\/pages"}],"about":[{"href":"https:\/\/lingobop.com\/fr\/wp-json\/wp\/v2\/types\/page"}],"author":[{"embeddable":true,"href":"https:\/\/lingobop.com\/fr\/wp-json\/wp\/v2\/users\/4"}],"replies":[{"embeddable":true,"href":"https:\/\/lingobop.com\/fr\/wp-json\/wp\/v2\/comments?post=4839"}],"version-history":[{"count":1,"href":"https:\/\/lingobop.com\/fr\/wp-json\/wp\/v2\/pages\/4839\/revisions"}],"predecessor-version":[{"id":4840,"href":"https:\/\/lingobop.com\/fr\/wp-json\/wp\/v2\/pages\/4839\/revisions\/4840"}],"up":[{"embeddable":true,"href":"https:\/\/lingobop.com\/fr\/wp-json\/wp\/v2\/pages\/1400"}],"wp:attachment":[{"href":"https:\/\/lingobop.com\/fr\/wp-json\/wp\/v2\/media?parent=4839"}],"curies":[{"name":"wp","href":"https:\/\/api.w.org\/{rel}","templated":true}]}}